{"id":241,"date":"2015-10-15T13:56:33","date_gmt":"2015-10-15T11:56:33","guid":{"rendered":"http:\/\/adwlogistic.pl\/en\/?page_id=241"},"modified":"2023-06-12T12:00:12","modified_gmt":"2023-06-12T10:00:12","slug":"career","status":"publish","type":"page","link":"https:\/\/adwlogistic.pl\/en\/career\/","title":{"rendered":"Career"},"content":{"rendered":"\t\t<div data-elementor-type=\"wp-page\" data-elementor-id=\"241\" class=\"elementor elementor-241 elementor-125 elementor-bc-flex-widget\">\n\t\t\t\t\t\t\t\t\t<section class=\"elementor-section elementor-top-section elementor-element elementor-element-3d6248e8 elementor-section-boxed elementor-section-height-default elementor-section-height-default\" data-id=\"3d6248e8\" data-element_type=\"section\">\n\t\t\t\t\t\t<div class=\"elementor-container elementor-column-gap-default\">\n\t\t\t\t\t<div class=\"elementor-column elementor-col-100 elementor-top-column elementor-element elementor-element-448263ec\" data-id=\"448263ec\" data-element_type=\"column\">\n\t\t\t<div class=\"elementor-widget-wrap elementor-element-populated\">\n\t\t\t\t\t\t\t\t<div class=\"elementor-element elementor-element-48325d63 elementor-widget elementor-widget-text-editor\" data-id=\"48325d63\" data-element_type=\"widget\" data-widget_type=\"text-editor.default\">\n\t\t\t\t<div class=\"elementor-widget-container\">\n\t\t\t\t\t\t\t<h3><span style=\"color: #c73934;\">KARIERA<\/span><\/h3><div class=\"su-row\"><br \/><div class=\"su-column su-column-size-1-2\"><div class=\"su-column-inner su-u-clearfix su-u-trim\"><\/p><hr \/><p style=\"text-indent: 6%; text-align: justify;\">W zwi\u0105zku ze sta\u0142ym rozwojem naszej firmy poszukujemy wykwalifikowanych pracownik\u00f3w na stanowiska:<\/p><ul><li>specjalista ds. handlu<\/li><li>specjalista ds. spedycji<\/li><\/ul><p style=\"text-indent: 6%; text-align: justify;\">Osoby zainteresowane podj\u0119ciem pracy w naszej firmie prosimy o przes\u0142anie CV na adres <strong><a href=\"mailto:kadry@adwlogistic.pl\">kadry@adwlogistic.pl<\/a><\/strong> z poni\u017csz\u0105 klauzul\u0105:<\/p><p style=\"text-indent: 6%; text-align: justify;\">&#8220;Wyra\u017cam zgod\u0119 na przetwarzanie moich danych osobowych zawartych w mojej aplikacji dla potrzeb niezb\u0119dnych do realizacji proces\u00f3w rekrutacji (zgodnie z Ustaw\u0105 z dnia 29 sierpnia 1997 r. o ochronie danych osobowych tj. Dz. U. z 2002 r., Nr 101, poz. 926, ze zm.), prowadzonych przez ADW Logistic Sp. z o.o. z siedzib\u0105 w Bia\u0142ymstoku.&#8221;<\/p><p style=\"text-indent: 6%; text-align: justify;\">W temacie maila prosimy o wpisanie: \u201eAplikacja na stanowisko: Nazwa stanowiska\u201d<br \/>Informujemy, \u017ce skontaktujemy si\u0119 tylko z wybranymi kandydatami.<\/p><h3><span style=\"color: #c73934;\">BENEFITY<\/span><\/h3><hr style=\"margin-top: 0;\" \/><p style=\"text-indent: 6%; text-align: justify; margin: 0;\">Ludzie w firmie ADW Logistic s\u0105 najwa\u017cniejsi, dlatego oferujemy pracownikom \u015bwiadczenia dodatkowe w ramach pakietu socjalnego, stawiaj\u0105c sobie za priorytet dba\u0142o\u015b\u0107 o ich zdrowie i sprawno\u015b\u0107 fizyczn\u0105.<\/p><p style=\"text-indent: 6%; text-align: justify; margin: 0;\">Zapewniamy prywatn\u0105 opiek\u0119 medyczn\u0105 w o\u015brodkach grupy LUX-MED \u015bwiadcz\u0105cej us\u0142ugi medyczne z szerok\u0105 ofert\u0105 lekarzy o wielu specjalizacjach.<\/p><p style=\"text-indent: 6%; text-align: justify; margin: 0;\">Oferujemy tak\u017ce korzystanie z szerokiej oferty obiekt\u00f3w sportowych na terenie ca\u0142ej Polski w ramach systemu Benefit MultiSport.<\/p><div><img decoding=\"async\" style=\"float: left; position: relative;\" src=\"http:\/\/adwlogistic.pl\/wp-content\/uploads\/2015\/09\/luxmed.png\" alt=\"\" \/><br \/><img decoding=\"async\" style=\"float: right; position: relative;\" src=\"http:\/\/adwlogistic.pl\/wp-content\/uploads\/2015\/09\/benefit_s2.png\" alt=\"\" \/><\/div><p><\/div><\/div><br \/><div class=\"su-column su-column-size-1-2\"><div class=\"su-column-inner su-u-clearfix su-u-trim\"><br \/><img decoding=\"async\" loading=\"lazy\" class=\"alignnone size-full wp-image-144\" src=\"http:\/\/adwlogistic.pl\/wp-content\/uploads\/2015\/06\/photo-page-kariera-01-001.jpg\" alt=\"Kariera - ADW Logistic\" width=\"600\" height=\"600\" srcset=\"https:\/\/adwlogistic.pl\/wp-content\/uploads\/2015\/06\/photo-page-kariera-01-001.jpg 600w, https:\/\/adwlogistic.pl\/wp-content\/uploads\/2015\/06\/photo-page-kariera-01-001-150x150.jpg 150w, https:\/\/adwlogistic.pl\/wp-content\/uploads\/2015\/06\/photo-page-kariera-01-001-300x300.jpg 300w\" sizes=\"(max-width: 600px) 100vw, 600px\" \/><\/div><\/div><br \/><\/div>\t\t\t\t\t\t<\/div>\n\t\t\t\t<\/div>\n\t\t\t\t\t<\/div>\n\t\t<\/div>\n\t\t\t\t\t\t\t<\/div>\n\t\t<\/section>\n\t\t\t\t\t\t\t<\/div>\n\t\t","protected":false},"excerpt":{"rendered":"<p>KARIERA &nbsp; The core of ADW Logistics is well qualified team. We hire over 30 specialists and constantly help them in raising qualifications. If you are eager to join our proffessional team, send your CV to the: kadry@adwlogistics.pl &nbsp;<\/p>\n","protected":false},"author":1,"featured_media":0,"parent":0,"menu_order":0,"comment_status":"closed","ping_status":"open","template":"custom-page.php","meta":{"footnotes":""},"_links":{"self":[{"href":"https:\/\/adwlogistic.pl\/en\/wp-json\/wp\/v2\/pages\/241"}],"collection":[{"href":"https:\/\/adwlogistic.pl\/en\/wp-json\/wp\/v2\/pages"}],"about":[{"href":"https:\/\/adwlogistic.pl\/en\/wp-json\/wp\/v2\/types\/page"}],"author":[{"embeddable":true,"href":"https:\/\/adwlogistic.pl\/en\/wp-json\/wp\/v2\/users\/1"}],"replies":[{"embeddable":true,"href":"https:\/\/adwlogistic.pl\/en\/wp-json\/wp\/v2\/comments?post=241"}],"version-history":[{"count":3,"href":"https:\/\/adwlogistic.pl\/en\/wp-json\/wp\/v2\/pages\/241\/revisions"}],"predecessor-version":[{"id":613,"href":"https:\/\/adwlogistic.pl\/en\/wp-json\/wp\/v2\/pages\/241\/revisions\/613"}],"wp:attachment":[{"href":"https:\/\/adwlogistic.pl\/en\/wp-json\/wp\/v2\/media?parent=241"}],"curies":[{"name":"wp","href":"https:\/\/api.w.org\/{rel}","templated":true}]}}