{"id":238,"date":"2015-10-15T13:53:31","date_gmt":"2015-10-15T11:53:31","guid":{"rendered":"http:\/\/adwlogistic.pl\/en\/?page_id=238"},"modified":"2023-06-12T12:00:12","modified_gmt":"2023-06-12T10:00:12","slug":"contact","status":"publish","type":"page","link":"https:\/\/adwlogistic.pl\/en\/contact\/","title":{"rendered":"Contact"},"content":{"rendered":"\t\t<div data-elementor-type=\"wp-post\" data-elementor-id=\"238\" class=\"elementor elementor-238 elementor-bc-flex-widget\">\n\t\t\t\t\t\t\t\t\t<section class=\"elementor-section elementor-top-section elementor-element elementor-element-140e0cce elementor-section-boxed elementor-section-height-default elementor-section-height-default\" data-id=\"140e0cce\" data-element_type=\"section\">\n\t\t\t\t\t\t<div class=\"elementor-container elementor-column-gap-default\">\n\t\t\t\t\t<div class=\"elementor-column elementor-col-100 elementor-top-column elementor-element elementor-element-3493e8fa\" data-id=\"3493e8fa\" data-element_type=\"column\">\n\t\t\t<div class=\"elementor-widget-wrap elementor-element-populated\">\n\t\t\t\t\t\t\t\t<div class=\"elementor-element elementor-element-698fb223 elementor-widget elementor-widget-heading\" data-id=\"698fb223\" data-element_type=\"widget\" data-widget_type=\"heading.default\">\n\t\t\t\t<div class=\"elementor-widget-container\">\n\t\t\t<h3 class=\"elementor-heading-title elementor-size-default\">HEADQUARTERS<\/h3>\t\t<\/div>\n\t\t\t\t<\/div>\n\t\t\t\t<div class=\"elementor-element elementor-element-11105bc4 elementor-widget-divider--view-line elementor-widget elementor-widget-divider\" data-id=\"11105bc4\" data-element_type=\"widget\" data-widget_type=\"divider.default\">\n\t\t\t\t<div class=\"elementor-widget-container\">\n\t\t\t\t\t<div class=\"elementor-divider\">\n\t\t\t<span class=\"elementor-divider-separator\">\n\t\t\t\t\t\t<\/span>\n\t\t<\/div>\n\t\t\t\t<\/div>\n\t\t\t\t<\/div>\n\t\t\t\t\t<\/div>\n\t\t<\/div>\n\t\t\t\t\t\t\t<\/div>\n\t\t<\/section>\n\t\t\t\t<section class=\"elementor-section elementor-top-section elementor-element elementor-element-33593850 elementor-section-boxed elementor-section-height-default elementor-section-height-default\" data-id=\"33593850\" data-element_type=\"section\">\n\t\t\t\t\t\t<div class=\"elementor-container elementor-column-gap-default\">\n\t\t\t\t\t<div class=\"elementor-column elementor-col-50 elementor-top-column elementor-element elementor-element-4ce908a8\" data-id=\"4ce908a8\" data-element_type=\"column\">\n\t\t\t<div class=\"elementor-widget-wrap elementor-element-populated\">\n\t\t\t\t\t\t\t\t<div class=\"elementor-element elementor-element-7a109939 elementor-widget elementor-widget-text-editor\" data-id=\"7a109939\" data-element_type=\"widget\" data-widget_type=\"text-editor.default\">\n\t\t\t\t<div class=\"elementor-widget-container\">\n\t\t\t\t\t\t\t<p><strong>ADW Logistic<\/strong><br \/><strong> Sp\u00f3\u0142ka z ograniczon\u0105 odpowiedzialno\u015bci\u0105 Sp.k.<\/strong><br \/>ul. Kopernika 95A<br \/>15-396 Bia\u0142ystok<\/p>\t\t\t\t\t\t<\/div>\n\t\t\t\t<\/div>\n\t\t\t\t<div class=\"elementor-element elementor-element-10ab9c65 elementor-widget elementor-widget-text-editor\" data-id=\"10ab9c65\" data-element_type=\"widget\" data-widget_type=\"text-editor.default\">\n\t\t\t\t<div class=\"elementor-widget-container\">\n\t\t\t\t\t\t\t<p>NIP: 542-324-07-02<br \/>REGON: 200894675<\/p>\t\t\t\t\t\t<\/div>\n\t\t\t\t<\/div>\n\t\t\t\t\t<\/div>\n\t\t<\/div>\n\t\t\t\t<div class=\"elementor-column elementor-col-50 elementor-top-column elementor-element elementor-element-1245ee98\" data-id=\"1245ee98\" data-element_type=\"column\">\n\t\t\t<div class=\"elementor-widget-wrap elementor-element-populated\">\n\t\t\t\t\t\t\t\t<div class=\"elementor-element elementor-element-43f234d2 elementor-widget elementor-widget-text-editor\" data-id=\"43f234d2\" data-element_type=\"widget\" data-widget_type=\"text-editor.default\">\n\t\t\t\t<div class=\"elementor-widget-container\">\n\t\t\t\t\t\t\t<p><i class=\"wp-svg-envelop envelop\"><\/i> \u00a0e-mail: biuro@adwlogistic.pl<br \/><i class=\"wp-svg-phone phone\"><\/i> \u00a0tel. +48 85 877 75 41<br \/><i class=\"wp-svg-drawer-3 drawer-3\"><\/i> \u00a0fax. +48 85 877 75 42<\/p>\t\t\t\t\t\t<\/div>\n\t\t\t\t<\/div>\n\t\t\t\t\t<\/div>\n\t\t<\/div>\n\t\t\t\t\t\t\t<\/div>\n\t\t<\/section>\n\t\t\t\t<section class=\"elementor-section elementor-top-section elementor-element elementor-element-419a1d02 elementor-section-boxed elementor-section-height-default elementor-section-height-default\" data-id=\"419a1d02\" data-element_type=\"section\">\n\t\t\t\t\t\t<div class=\"elementor-container elementor-column-gap-default\">\n\t\t\t\t\t<div class=\"elementor-column elementor-col-100 elementor-top-column elementor-element elementor-element-5d2a0449\" data-id=\"5d2a0449\" data-element_type=\"column\">\n\t\t\t<div class=\"elementor-widget-wrap elementor-element-populated\">\n\t\t\t\t\t\t\t\t<div class=\"elementor-element elementor-element-5bed26f8 elementor-widget elementor-widget-google_maps\" data-id=\"5bed26f8\" data-element_type=\"widget\" data-widget_type=\"google_maps.default\">\n\t\t\t\t<div class=\"elementor-widget-container\">\n\t\t\t\t\t<div class=\"elementor-custom-embed\">\n\t\t\t<iframe loading=\"lazy\"\n\t\t\t\t\tsrc=\"https:\/\/maps.google.com\/maps?q=ul.%20Kopernika%2095A%2015-396%20Bia%C5%82ystok&#038;t=m&#038;z=15&#038;output=embed&#038;iwloc=near\"\n\t\t\t\t\ttitle=\"ul. Kopernika 95A 15-396 Bia\u0142ystok\"\n\t\t\t\t\taria-label=\"ul. Kopernika 95A 15-396 Bia\u0142ystok\"\n\t\t\t><\/iframe>\n\t\t<\/div>\n\t\t\t\t<\/div>\n\t\t\t\t<\/div>\n\t\t\t\t\t<\/div>\n\t\t<\/div>\n\t\t\t\t\t\t\t<\/div>\n\t\t<\/section>\n\t\t\t\t\t\t\t<\/div>\n\t\t","protected":false},"excerpt":{"rendered":"<p>HEADQUARTERS ADW Logistic Sp\u00f3\u0142ka z ograniczon\u0105 odpowiedzialno\u015bci\u0105 Sp.k.ul. Kopernika 95A15-396 Bia\u0142ystok NIP: 542-324-07-02REGON: 200894675 \u00a0e-mail: biuro@adwlogistic.pl \u00a0tel. +48 85 877 75 41 \u00a0fax. +48 85 877 75 42<\/p>\n","protected":false},"author":1,"featured_media":0,"parent":0,"menu_order":0,"comment_status":"closed","ping_status":"open","template":"custom-page.php","meta":{"footnotes":""},"_links":{"self":[{"href":"https:\/\/adwlogistic.pl\/en\/wp-json\/wp\/v2\/pages\/238"}],"collection":[{"href":"https:\/\/adwlogistic.pl\/en\/wp-json\/wp\/v2\/pages"}],"about":[{"href":"https:\/\/adwlogistic.pl\/en\/wp-json\/wp\/v2\/types\/page"}],"author":[{"embeddable":true,"href":"https:\/\/adwlogistic.pl\/en\/wp-json\/wp\/v2\/users\/1"}],"replies":[{"embeddable":true,"href":"https:\/\/adwlogistic.pl\/en\/wp-json\/wp\/v2\/comments?post=238"}],"version-history":[{"count":10,"href":"https:\/\/adwlogistic.pl\/en\/wp-json\/wp\/v2\/pages\/238\/revisions"}],"predecessor-version":[{"id":681,"href":"https:\/\/adwlogistic.pl\/en\/wp-json\/wp\/v2\/pages\/238\/revisions\/681"}],"wp:attachment":[{"href":"https:\/\/adwlogistic.pl\/en\/wp-json\/wp\/v2\/media?parent=238"}],"curies":[{"name":"wp","href":"https:\/\/api.w.org\/{rel}","templated":true}]}}